{"id":59,"date":"2022-11-29T12:45:19","date_gmt":"2022-11-29T12:45:19","guid":{"rendered":"https:\/\/www.plantlover.sk\/?page_id=59"},"modified":"2023-06-13T23:09:51","modified_gmt":"2023-06-13T21:09:51","slug":"kontakt","status":"publish","type":"page","link":"https:\/\/www.plantlover.sk\/index.php\/kontakt\/","title":{"rendered":"Kontakt"},"content":{"rendered":"\t\t<div data-elementor-type=\"wp-page\" data-elementor-id=\"59\" class=\"elementor elementor-59\">\n\t\t\t\t\t\t<section class=\"elementor-section elementor-top-section elementor-element elementor-element-551a9e9b elementor-section-boxed elementor-section-height-default elementor-section-height-default\" data-id=\"551a9e9b\" data-element_type=\"section\" data-e-type=\"section\">\n\t\t\t\t\t\t<div class=\"elementor-container elementor-column-gap-default\">\n\t\t\t\t\t<div class=\"elementor-column elementor-col-100 elementor-top-column elementor-element elementor-element-2c06822e\" data-id=\"2c06822e\" data-element_type=\"column\" data-e-type=\"column\">\n\t\t\t<div class=\"elementor-widget-wrap elementor-element-populated\">\n\t\t\t\t\t\t<div class=\"elementor-element elementor-element-7ddb3ca3 elementor-drop-cap-yes elementor-drop-cap-view-default elementor-widget elementor-widget-text-editor\" data-id=\"7ddb3ca3\" data-element_type=\"widget\" data-e-type=\"widget\" data-settings=\"{&quot;drop_cap&quot;:&quot;yes&quot;}\" data-widget_type=\"text-editor.default\">\n\t\t\t\t<div class=\"elementor-widget-container\">\n\t\t\t\t\t\t\t\t\t<p><\/p>\n<h4><strong>Telef\u00f3n: +421 944 425 289<\/strong><\/h4>\n<h4><strong><\/strong><\/h4>\n<h4><strong>e-mail: iam@plantlover.sk<\/strong><\/h4>\n<h4><strong>Adresa: <span style=\"color: #202124; font-family: arial, sans-serif; font-size: 14px; font-style: normal; font-variant-ligatures: normal; font-variant-caps: normal;\">P\u00fachovsk\u00e1 6851\/12, 831 06 Bratislava, Amex park &#8211; budova APB I<\/span><\/strong><\/h4>\n<p><\/p>\t\t\t\t\t\t\t\t<\/div>\n\t\t\t\t<\/div>\n\t\t\t\t<div class=\"elementor-element elementor-element-b54898c elementor-widget elementor-widget-google_maps\" data-id=\"b54898c\" data-element_type=\"widget\" data-e-type=\"widget\" data-widget_type=\"google_maps.default\">\n\t\t\t\t<div class=\"elementor-widget-container\">\n\t\t\t\t\t\t\t<div class=\"elementor-custom-embed\">\n\t\t\t<iframe loading=\"lazy\"\n\t\t\t\t\tsrc=\"https:\/\/maps.google.com\/maps?q=Amex%20park&#038;t=m&#038;z=16&#038;output=embed&#038;iwloc=near\"\n\t\t\t\t\ttitle=\"Amex park\"\n\t\t\t\t\taria-label=\"Amex park\"\n\t\t\t><\/iframe>\n\t\t<\/div>\n\t\t\t\t\t\t<\/div>\n\t\t\t\t<\/div>\n\t\t\t\t\t<\/div>\n\t\t<\/div>\n\t\t\t\t\t<\/div>\n\t\t<\/section>\n\t\t\t\t<\/div>\n\t\t","protected":false},"excerpt":{"rendered":"<p>Telef\u00f3n: +421 944 425 289 e-mail: iam@plantlover.sk Adresa: P\u00fachovsk\u00e1 6851\/12, 831 06 Bratislava, Amex park &#8211; budova APB I, Ra\u010da \u00a0 \u00a0<\/p>\n","protected":false},"author":1,"featured_media":0,"parent":0,"menu_order":0,"comment_status":"closed","ping_status":"closed","template":"","meta":{"_monsterinsights_skip_tracking":false,"_monsterinsights_sitenote_active":false,"_monsterinsights_sitenote_note":"","_monsterinsights_sitenote_category":0,"footnotes":""},"class_list":["post-59","page","type-page","status-publish","hentry"],"_links":{"self":[{"href":"https:\/\/www.plantlover.sk\/index.php\/wp-json\/wp\/v2\/pages\/59","targetHints":{"allow":["GET"]}}],"collection":[{"href":"https:\/\/www.plantlover.sk\/index.php\/wp-json\/wp\/v2\/pages"}],"about":[{"href":"https:\/\/www.plantlover.sk\/index.php\/wp-json\/wp\/v2\/types\/page"}],"author":[{"embeddable":true,"href":"https:\/\/www.plantlover.sk\/index.php\/wp-json\/wp\/v2\/users\/1"}],"replies":[{"embeddable":true,"href":"https:\/\/www.plantlover.sk\/index.php\/wp-json\/wp\/v2\/comments?post=59"}],"version-history":[{"count":37,"href":"https:\/\/www.plantlover.sk\/index.php\/wp-json\/wp\/v2\/pages\/59\/revisions"}],"predecessor-version":[{"id":301,"href":"https:\/\/www.plantlover.sk\/index.php\/wp-json\/wp\/v2\/pages\/59\/revisions\/301"}],"wp:attachment":[{"href":"https:\/\/www.plantlover.sk\/index.php\/wp-json\/wp\/v2\/media?parent=59"}],"curies":[{"name":"wp","href":"https:\/\/api.w.org\/{rel}","templated":true}]}}